{"id":69,"date":"2024-11-03T11:50:17","date_gmt":"2024-11-03T11:50:17","guid":{"rendered":"https:\/\/eurosalesman.hr\/eu\/"},"modified":"2025-02-25T15:41:11","modified_gmt":"2025-02-25T15:41:11","slug":"eu","status":"publish","type":"page","link":"https:\/\/eurosalesman.hr\/hr\/","title":{"rendered":"EU"},"content":{"rendered":"<div data-elementor-type=\"wp-page\" data-elementor-id=\"69\" class=\"elementor elementor-69\" data-elementor-post-type=\"page\">\n\t\t\t\t<div class=\"elementor-element elementor-element-87c1e87 e-con-full e-flex e-con e-parent\" data-id=\"87c1e87\" data-element_type=\"container\" data-e-type=\"container\" data-settings=\"{&quot;background_background&quot;:&quot;classic&quot;}\">\n\t\t<div class=\"elementor-element elementor-element-16af172e e-con-full e-flex e-con e-child\" data-id=\"16af172e\" data-element_type=\"container\" data-e-type=\"container\">\n\t\t\t\t<div class=\"elementor-element elementor-element-4ae05e74 elementor-widget__width-inherit elementor-widget-divider--view-line elementor-invisible elementor-widget elementor-widget-divider\" data-id=\"4ae05e74\" data-element_type=\"widget\" data-e-type=\"widget\" data-settings=\"{&quot;_animation&quot;:&quot;fadeInLeft&quot;}\" data-widget_type=\"divider.default\">\n\t\t\t\t<div class=\"elementor-widget-container\">\n\t\t\t\t\t\t\t<div class=\"elementor-divider\">\n\t\t\t<span class=\"elementor-divider-separator\">\n\t\t\t\t\t\t<\/span>\n\t\t<\/div>\n\t\t\t\t\t\t<\/div>\n\t\t\t\t<\/div>\n\t\t\t\t<div class=\"elementor-element elementor-element-d96491c elementor-widget__width-initial elementor-widget-tablet__width-inherit elementor-widget elementor-widget-heading\" data-id=\"d96491c\" data-element_type=\"widget\" data-e-type=\"widget\" data-widget_type=\"heading.default\">\n\t\t\t\t<div class=\"elementor-widget-container\">\n\t\t\t\t\t<h1 class=\"elementor-heading-title elementor-size-default\">Hrvatska - otkrijte mogu\u0107nosti na uspje\u0161nom jadranskom tr\u017ei\u0161tu!<\/h1>\t\t\t\t<\/div>\n\t\t\t\t<\/div>\n\t\t\t\t<div class=\"elementor-element elementor-element-67fd413b elementor-widget__width-initial elementor-widget-tablet__width-inherit elementor-widget elementor-widget-text-editor\" data-id=\"67fd413b\" data-element_type=\"widget\" data-e-type=\"widget\" data-widget_type=\"text-editor.default\">\n\t\t\t\t<div class=\"elementor-widget-container\">\n\t\t\t\t\t\t\t\t\t<p>Rastu\u0107e gospodarstvo Hrvatske i izvrsna lokacija uz Jadran \u010dine je idealnim tr\u017ei\u0161tem za tvrtke koje tra\u017ee \u0161irenje u jugoisto\u010dnoj Europi, s pristupom lokalnim i regionalnim mogu\u0107nostima.<\/p>\t\t\t\t\t\t\t\t<\/div>\n\t\t\t\t<\/div>\n\t\t\t\t<\/div>\n\t\t\t\t<\/div>\n\t\t<div class=\"elementor-element elementor-element-66229c4 e-con-full e-flex e-con e-parent\" data-id=\"66229c4\" data-element_type=\"container\" data-e-type=\"container\">\n\t\t<div class=\"elementor-element elementor-element-faa99e9 e-con-full e-flex e-con e-child\" data-id=\"faa99e9\" data-element_type=\"container\" data-e-type=\"container\">\n\t\t\t\t<div class=\"elementor-element elementor-element-df23fa8 elementor-widget__width-inherit elementor-widget-divider--view-line elementor-invisible elementor-widget elementor-widget-divider\" data-id=\"df23fa8\" data-element_type=\"widget\" data-e-type=\"widget\" data-settings=\"{&quot;_animation&quot;:&quot;fadeInLeft&quot;}\" data-widget_type=\"divider.default\">\n\t\t\t\t<div class=\"elementor-widget-container\">\n\t\t\t\t\t\t\t<div class=\"elementor-divider\">\n\t\t\t<span class=\"elementor-divider-separator\">\n\t\t\t\t\t\t<\/span>\n\t\t<\/div>\n\t\t\t\t\t\t<\/div>\n\t\t\t\t<\/div>\n\t\t\t\t<div class=\"elementor-element elementor-element-4fc21cd elementor-widget__width-initial elementor-widget-tablet__width-inherit elementor-widget elementor-widget-heading\" data-id=\"4fc21cd\" data-element_type=\"widget\" data-e-type=\"widget\" data-widget_type=\"heading.default\">\n\t\t\t\t<div class=\"elementor-widget-container\">\n\t\t\t\t\t<h2 class=\"elementor-heading-title elementor-size-default\">Istaknuti oglasi<\/h2>\t\t\t\t<\/div>\n\t\t\t\t<\/div>\n\t\t\t\t<div class=\"elementor-element elementor-element-4b60f2dd elementor-widget__width-initial elementor-widget-tablet__width-inherit elementor-widget elementor-widget-text-editor\" data-id=\"4b60f2dd\" data-element_type=\"widget\" data-e-type=\"widget\" data-widget_type=\"text-editor.default\">\n\t\t\t\t<div class=\"elementor-widget-container\">\n\t\t\t\t\t\t\t\t\t<p>U nastavku su navedene tvrtke koje su odlu\u010dile predstaviti svoje robne marke u Hrvatskoj, koriste\u0107i jedinstvene prednosti i potencijal rasta koje nudi ovo procvatu\u0107e tr\u017ei\u0161te.<\/p>\t\t\t\t\t\t\t\t<\/div>\n\t\t\t\t<\/div>\n\t\t\t\t<\/div>\n\t\t<div class=\"elementor-element elementor-element-b980614 e-con-full e-flex e-con e-child\" data-id=\"b980614\" data-element_type=\"container\" data-e-type=\"container\">\n\t\t\t\t<div class=\"elementor-element elementor-element-4453695 elementor-widget__width-inherit elementor-widget elementor-widget-shortcode\" data-id=\"4453695\" data-element_type=\"widget\" data-e-type=\"widget\" data-widget_type=\"shortcode.default\">\n\t\t\t\t<div class=\"elementor-widget-container\">\n\t\t\t\t\t\t\t<div class=\"elementor-shortcode\"><div class=\"myplugin-site-posts-filter\"><form method=\"get\" action=\"\"><label for=\"category-filter\">Filtriraj po kategoriji:<\/label> <select id=\"category-filter\" name=\"category\" onchange=\"this.form.submit()\"><option value=\"\">Sve kategorije<\/option><option value=\"professional-services\" >Stru\u010dne usluge<\/option><option value=\"technology-innovation\" >Tehnologija i inovacije<\/option><option value=\"retail-e-commerce\" >Maloprodaja i e-trgovina<\/option><option value=\"health-wellness\" >Zdravlje i dobrobit<\/option><option value=\"construction-real-estate\" >Gra\u0111evinarstvo i nekretnine<\/option><option value=\"finance-insurance\" >Financije i osiguranje<\/option><option value=\"education-training\" >Obrazovanje i osposobljavanje<\/option><option value=\"logistics-manufacturing\" >Logistika i proizvodnja<\/option><\/select><input type=\"hidden\" name=\"trp-form-language\" value=\"hr\"\/><\/form><\/div><div class=\"myplugin-site-posts\"><p>Nisu prona\u0111ene objave za ovu kategoriju.<\/p><\/div><\/div>\n\t\t\t\t\t\t<\/div>\n\t\t\t\t<\/div>\n\t\t\t\t<\/div>\n\t\t\t\t<\/div>\n\t\t<div class=\"elementor-element elementor-element-50904e4e e-con-full e-flex e-con e-parent\" data-id=\"50904e4e\" data-element_type=\"container\" data-e-type=\"container\" data-settings=\"{&quot;background_background&quot;:&quot;classic&quot;}\">\n\t\t<div class=\"elementor-element elementor-element-2df31773 e-con-full e-flex e-con e-child\" data-id=\"2df31773\" data-element_type=\"container\" data-e-type=\"container\">\n\t\t\t\t<div class=\"elementor-element elementor-element-98756f8 elementor-invisible elementor-widget elementor-widget-heading\" data-id=\"98756f8\" data-element_type=\"widget\" data-e-type=\"widget\" data-settings=\"{&quot;_animation&quot;:&quot;fadeIn&quot;}\" data-widget_type=\"heading.default\">\n\t\t\t\t<div class=\"elementor-widget-container\">\n\t\t\t\t\t<h2 class=\"elementor-heading-title elementor-size-default\">\u017delite li danas unaprijediti svoje poslovanje?<\/h2>\t\t\t\t<\/div>\n\t\t\t\t<\/div>\n\t\t\t\t<div class=\"elementor-element elementor-element-eae2904 elementor-widget elementor-widget-text-editor\" data-id=\"eae2904\" data-element_type=\"widget\" data-e-type=\"widget\" data-settings=\"{&quot;_animation&quot;:&quot;none&quot;}\" data-widget_type=\"text-editor.default\">\n\t\t\t\t<div class=\"elementor-widget-container\">\n\t\t\t\t\t\t\t\t\t<p>Kontaktirajte nas ve\u0107 danas kako biste saznali vi\u0161e o tome kako vam mo\u017eemo pomo\u0107i u postizanju va\u0161ih marketin\u0161kih ciljeva s precizno\u0161\u0107u i povjerenjem.<\/p>\t\t\t\t\t\t\t\t<\/div>\n\t\t\t\t<\/div>\n\t\t\t\t<div class=\"elementor-element elementor-element-456cc88a elementor-align-justify elementor-widget__width-initial elementor-widget elementor-widget-button\" data-id=\"456cc88a\" data-element_type=\"widget\" data-e-type=\"widget\" data-widget_type=\"button.default\">\n\t\t\t\t<div class=\"elementor-widget-container\">\n\t\t\t\t\t\t\t\t\t<div class=\"elementor-button-wrapper\">\n\t\t\t\t\t<a class=\"elementor-button elementor-size-sm\" role=\"button\">\n\t\t\t\t\t\t<span class=\"elementor-button-content-wrapper\">\n\t\t\t\t\t\t\t\t\t<span class=\"elementor-button-text\">kontaktirajte nas<\/span>\n\t\t\t\t\t<\/span>\n\t\t\t\t\t<\/a>\n\t\t\t\t<\/div>\n\t\t\t\t\t\t\t\t<\/div>\n\t\t\t\t<\/div>\n\t\t\t\t<\/div>\n\t\t<div class=\"elementor-element elementor-element-4f7097d5 e-con-full e-flex e-con e-child\" data-id=\"4f7097d5\" data-element_type=\"container\" data-e-type=\"container\" data-settings=\"{&quot;background_background&quot;:&quot;classic&quot;}\">\n\t\t\t\t<\/div>\n\t\t\t\t<\/div>\n\t\t\t\t<\/div>","protected":false},"excerpt":{"rendered":"<p>Hrvatska \u2013 otkrijte mogu\u0107nosti na uspje\u0161nom jadranskom tr\u017ei\u0161tu! Rastu\u0107e gospodarstvo Hrvatske i izvrsna lokacija uz Jadran \u010dine je idealnim tr\u017ei\u0161tem za tvrtke koje tra\u017ee \u0161irenje u jugoisto\u010dnoj Europi, s pristupom lokalnim i regionalnim mogu\u0107nostima. Istaknuti oglasi Ispod su tvrtke koje su odlu\u010dile predstaviti svoje robne marke u Hrvatskoj, koriste\u0107i [\u2026]<\/p>","protected":false},"author":3,"featured_media":0,"parent":0,"menu_order":0,"comment_status":"closed","ping_status":"closed","template":"elementor_header_footer","meta":{"footnotes":""},"class_list":["post-69","page","type-page","status-publish","hentry"],"_links":{"self":[{"href":"https:\/\/eurosalesman.hr\/hr\/wp-json\/wp\/v2\/pages\/69","targetHints":{"allow":["GET"]}}],"collection":[{"href":"https:\/\/eurosalesman.hr\/hr\/wp-json\/wp\/v2\/pages"}],"about":[{"href":"https:\/\/eurosalesman.hr\/hr\/wp-json\/wp\/v2\/types\/page"}],"author":[{"embeddable":true,"href":"https:\/\/eurosalesman.hr\/hr\/wp-json\/wp\/v2\/users\/3"}],"replies":[{"embeddable":true,"href":"https:\/\/eurosalesman.hr\/hr\/wp-json\/wp\/v2\/comments?post=69"}],"version-history":[{"count":13,"href":"https:\/\/eurosalesman.hr\/hr\/wp-json\/wp\/v2\/pages\/69\/revisions"}],"predecessor-version":[{"id":141,"href":"https:\/\/eurosalesman.hr\/hr\/wp-json\/wp\/v2\/pages\/69\/revisions\/141"}],"wp:attachment":[{"href":"https:\/\/eurosalesman.hr\/hr\/wp-json\/wp\/v2\/media?parent=69"}],"curies":[{"name":"wp","href":"https:\/\/api.w.org\/{rel}","templated":true}]}}