{"id":69,"date":"2024-11-03T11:50:17","date_gmt":"2024-11-03T11:50:17","guid":{"rendered":"https:\/\/eurosalesman.hr\/eu\/"},"modified":"2025-02-25T15:41:11","modified_gmt":"2025-02-25T15:41:11","slug":"eu","status":"publish","type":"page","link":"https:\/\/eurosalesman.hr\/pt\/","title":{"rendered":"EU"},"content":{"rendered":"<div data-elementor-type=\"wp-page\" data-elementor-id=\"69\" class=\"elementor elementor-69\" data-elementor-post-type=\"page\">\n\t\t\t\t<div class=\"elementor-element elementor-element-87c1e87 e-con-full e-flex e-con e-parent\" data-id=\"87c1e87\" data-element_type=\"container\" data-e-type=\"container\" data-settings=\"{&quot;background_background&quot;:&quot;classic&quot;}\">\n\t\t<div class=\"elementor-element elementor-element-16af172e e-con-full e-flex e-con e-child\" data-id=\"16af172e\" data-element_type=\"container\" data-e-type=\"container\">\n\t\t\t\t<div class=\"elementor-element elementor-element-4ae05e74 elementor-widget__width-inherit elementor-widget-divider--view-line elementor-invisible elementor-widget elementor-widget-divider\" data-id=\"4ae05e74\" data-element_type=\"widget\" data-e-type=\"widget\" data-settings=\"{&quot;_animation&quot;:&quot;fadeInLeft&quot;}\" data-widget_type=\"divider.default\">\n\t\t\t\t<div class=\"elementor-widget-container\">\n\t\t\t\t\t\t\t<div class=\"elementor-divider\">\n\t\t\t<span class=\"elementor-divider-separator\">\n\t\t\t\t\t\t<\/span>\n\t\t<\/div>\n\t\t\t\t\t\t<\/div>\n\t\t\t\t<\/div>\n\t\t\t\t<div class=\"elementor-element elementor-element-d96491c elementor-widget__width-initial elementor-widget-tablet__width-inherit elementor-widget elementor-widget-heading\" data-id=\"d96491c\" data-element_type=\"widget\" data-e-type=\"widget\" data-widget_type=\"heading.default\">\n\t\t\t\t<div class=\"elementor-widget-container\">\n\t\t\t\t\t<h1 class=\"elementor-heading-title elementor-size-default\">Cro\u00e1cia - Descubra oportunidades num mercado adri\u00e1tico pr\u00f3spero!<\/h1>\t\t\t\t<\/div>\n\t\t\t\t<\/div>\n\t\t\t\t<div class=\"elementor-element elementor-element-67fd413b elementor-widget__width-initial elementor-widget-tablet__width-inherit elementor-widget elementor-widget-text-editor\" data-id=\"67fd413b\" data-element_type=\"widget\" data-e-type=\"widget\" data-widget_type=\"text-editor.default\">\n\t\t\t\t<div class=\"elementor-widget-container\">\n\t\t\t\t\t\t\t\t\t<p>A economia em crescimento da Cro\u00e1cia e a sua localiza\u00e7\u00e3o privilegiada ao longo do Adri\u00e1tico fazem dela um mercado ideal para as empresas que procuram expandir-se no Sudeste da Europa, com acesso a oportunidades locais e regionais.<\/p>\t\t\t\t\t\t\t\t<\/div>\n\t\t\t\t<\/div>\n\t\t\t\t<\/div>\n\t\t\t\t<\/div>\n\t\t<div class=\"elementor-element elementor-element-66229c4 e-con-full e-flex e-con e-parent\" data-id=\"66229c4\" data-element_type=\"container\" data-e-type=\"container\">\n\t\t<div class=\"elementor-element elementor-element-faa99e9 e-con-full e-flex e-con e-child\" data-id=\"faa99e9\" data-element_type=\"container\" data-e-type=\"container\">\n\t\t\t\t<div class=\"elementor-element elementor-element-df23fa8 elementor-widget__width-inherit elementor-widget-divider--view-line elementor-invisible elementor-widget elementor-widget-divider\" data-id=\"df23fa8\" data-element_type=\"widget\" data-e-type=\"widget\" data-settings=\"{&quot;_animation&quot;:&quot;fadeInLeft&quot;}\" data-widget_type=\"divider.default\">\n\t\t\t\t<div class=\"elementor-widget-container\">\n\t\t\t\t\t\t\t<div class=\"elementor-divider\">\n\t\t\t<span class=\"elementor-divider-separator\">\n\t\t\t\t\t\t<\/span>\n\t\t<\/div>\n\t\t\t\t\t\t<\/div>\n\t\t\t\t<\/div>\n\t\t\t\t<div class=\"elementor-element elementor-element-4fc21cd elementor-widget__width-initial elementor-widget-tablet__width-inherit elementor-widget elementor-widget-heading\" data-id=\"4fc21cd\" data-element_type=\"widget\" data-e-type=\"widget\" data-widget_type=\"heading.default\">\n\t\t\t\t<div class=\"elementor-widget-container\">\n\t\t\t\t\t<h2 class=\"elementor-heading-title elementor-size-default\">An\u00fancios em destaque<\/h2>\t\t\t\t<\/div>\n\t\t\t\t<\/div>\n\t\t\t\t<div class=\"elementor-element elementor-element-4b60f2dd elementor-widget__width-initial elementor-widget-tablet__width-inherit elementor-widget elementor-widget-text-editor\" data-id=\"4b60f2dd\" data-element_type=\"widget\" data-e-type=\"widget\" data-widget_type=\"text-editor.default\">\n\t\t\t\t<div class=\"elementor-widget-container\">\n\t\t\t\t\t\t\t\t\t<p>Abaixo est\u00e3o as empresas que optaram por apresentar as suas marcas na Cro\u00e1cia, aproveitando as vantagens \u00fanicas e o potencial de crescimento que este mercado florescente oferece.<\/p>\t\t\t\t\t\t\t\t<\/div>\n\t\t\t\t<\/div>\n\t\t\t\t<\/div>\n\t\t<div class=\"elementor-element elementor-element-b980614 e-con-full e-flex e-con e-child\" data-id=\"b980614\" data-element_type=\"container\" data-e-type=\"container\">\n\t\t\t\t<div class=\"elementor-element elementor-element-4453695 elementor-widget__width-inherit elementor-widget elementor-widget-shortcode\" data-id=\"4453695\" data-element_type=\"widget\" data-e-type=\"widget\" data-widget_type=\"shortcode.default\">\n\t\t\t\t<div class=\"elementor-widget-container\">\n\t\t\t\t\t\t\t<div class=\"elementor-shortcode\"><div class=\"myplugin-site-posts-filter\"><form method=\"get\" action=\"\"><label for=\"category-filter\">Filtrar por categoria:<\/label> <select id=\"category-filter\" name=\"category\" onchange=\"this.form.submit()\"><option value=\"\">Todas as categorias<\/option><option value=\"professional-services\" >Servi\u00e7os profissionais<\/option><option value=\"technology-innovation\" >Tecnologia e inova\u00e7\u00e3o<\/option><option value=\"retail-e-commerce\" >Retalho e com\u00e9rcio eletr\u00f3nico<\/option><option value=\"health-wellness\" >Sa\u00fade e bem-estar<\/option><option value=\"construction-real-estate\" >Constru\u00e7\u00e3o e bens imobili\u00e1rios<\/option><option value=\"finance-insurance\" >Finan\u00e7as e seguros<\/option><option value=\"education-training\" >Educa\u00e7\u00e3o e forma\u00e7\u00e3o<\/option><option value=\"logistics-manufacturing\" >Log\u00edstica e fabrico<\/option><\/select><input type=\"hidden\" name=\"trp-form-language\" value=\"pt\"\/><\/form><\/div><div class=\"myplugin-site-posts\"><p>N\u00e3o foram encontradas mensagens para esta categoria.<\/p><\/div><\/div>\n\t\t\t\t\t\t<\/div>\n\t\t\t\t<\/div>\n\t\t\t\t<\/div>\n\t\t\t\t<\/div>\n\t\t<div class=\"elementor-element elementor-element-50904e4e e-con-full e-flex e-con e-parent\" data-id=\"50904e4e\" data-element_type=\"container\" data-e-type=\"container\" data-settings=\"{&quot;background_background&quot;:&quot;classic&quot;}\">\n\t\t<div class=\"elementor-element elementor-element-2df31773 e-con-full e-flex e-con e-child\" data-id=\"2df31773\" data-element_type=\"container\" data-e-type=\"container\">\n\t\t\t\t<div class=\"elementor-element elementor-element-98756f8 elementor-invisible elementor-widget elementor-widget-heading\" data-id=\"98756f8\" data-element_type=\"widget\" data-e-type=\"widget\" data-settings=\"{&quot;_animation&quot;:&quot;fadeIn&quot;}\" data-widget_type=\"heading.default\">\n\t\t\t\t<div class=\"elementor-widget-container\">\n\t\t\t\t\t<h2 class=\"elementor-heading-title elementor-size-default\">Quer impulsionar o seu neg\u00f3cio hoje?<\/h2>\t\t\t\t<\/div>\n\t\t\t\t<\/div>\n\t\t\t\t<div class=\"elementor-element elementor-element-eae2904 elementor-widget elementor-widget-text-editor\" data-id=\"eae2904\" data-element_type=\"widget\" data-e-type=\"widget\" data-settings=\"{&quot;_animation&quot;:&quot;none&quot;}\" data-widget_type=\"text-editor.default\">\n\t\t\t\t<div class=\"elementor-widget-container\">\n\t\t\t\t\t\t\t\t\t<p>Contacte-nos hoje para saber mais sobre como podemos ajud\u00e1-lo a atingir os seus objectivos de marketing com precis\u00e3o e confian\u00e7a.<\/p>\t\t\t\t\t\t\t\t<\/div>\n\t\t\t\t<\/div>\n\t\t\t\t<div class=\"elementor-element elementor-element-456cc88a elementor-align-justify elementor-widget__width-initial elementor-widget elementor-widget-button\" data-id=\"456cc88a\" data-element_type=\"widget\" data-e-type=\"widget\" data-widget_type=\"button.default\">\n\t\t\t\t<div class=\"elementor-widget-container\">\n\t\t\t\t\t\t\t\t\t<div class=\"elementor-button-wrapper\">\n\t\t\t\t\t<a class=\"elementor-button elementor-size-sm\" role=\"button\">\n\t\t\t\t\t\t<span class=\"elementor-button-content-wrapper\">\n\t\t\t\t\t\t\t\t\t<span class=\"elementor-button-text\">contactar-nos<\/span>\n\t\t\t\t\t<\/span>\n\t\t\t\t\t<\/a>\n\t\t\t\t<\/div>\n\t\t\t\t\t\t\t\t<\/div>\n\t\t\t\t<\/div>\n\t\t\t\t<\/div>\n\t\t<div class=\"elementor-element elementor-element-4f7097d5 e-con-full e-flex e-con e-child\" data-id=\"4f7097d5\" data-element_type=\"container\" data-e-type=\"container\" data-settings=\"{&quot;background_background&quot;:&quot;classic&quot;}\">\n\t\t\t\t<\/div>\n\t\t\t\t<\/div>\n\t\t\t\t<\/div>","protected":false},"excerpt":{"rendered":"<p>Croatia &#8211; Discover Opportunities in a Thriving Adriatic Market! Croatia\u2019s growing economy and prime location along the Adriatic make it an ideal market for businesses seeking expansion in Southeast Europe, with access to both local and regional opportunities. Featured Ads Below are the companies that have chosen to showcase their brands in Croatia, leveraging the [&hellip;]<\/p>","protected":false},"author":3,"featured_media":0,"parent":0,"menu_order":0,"comment_status":"closed","ping_status":"closed","template":"elementor_header_footer","meta":{"footnotes":""},"class_list":["post-69","page","type-page","status-publish","hentry"],"_links":{"self":[{"href":"https:\/\/eurosalesman.hr\/pt\/wp-json\/wp\/v2\/pages\/69","targetHints":{"allow":["GET"]}}],"collection":[{"href":"https:\/\/eurosalesman.hr\/pt\/wp-json\/wp\/v2\/pages"}],"about":[{"href":"https:\/\/eurosalesman.hr\/pt\/wp-json\/wp\/v2\/types\/page"}],"author":[{"embeddable":true,"href":"https:\/\/eurosalesman.hr\/pt\/wp-json\/wp\/v2\/users\/3"}],"replies":[{"embeddable":true,"href":"https:\/\/eurosalesman.hr\/pt\/wp-json\/wp\/v2\/comments?post=69"}],"version-history":[{"count":13,"href":"https:\/\/eurosalesman.hr\/pt\/wp-json\/wp\/v2\/pages\/69\/revisions"}],"predecessor-version":[{"id":141,"href":"https:\/\/eurosalesman.hr\/pt\/wp-json\/wp\/v2\/pages\/69\/revisions\/141"}],"wp:attachment":[{"href":"https:\/\/eurosalesman.hr\/pt\/wp-json\/wp\/v2\/media?parent=69"}],"curies":[{"name":"wp","href":"https:\/\/api.w.org\/{rel}","templated":true}]}}